{"id":108,"date":"2025-10-14T10:40:46","date_gmt":"2025-10-14T08:40:46","guid":{"rendered":"https:\/\/indiy.se\/?page_id=108"},"modified":"2025-10-14T10:40:46","modified_gmt":"2025-10-14T08:40:46","slug":"om-indiy","status":"publish","type":"page","link":"https:\/\/indiy.se\/?page_id=108","title":{"rendered":"Om INDiY"},"content":{"rendered":"\n<p>INDiY \u00e4r ett f\u00f6rlag som bara ger ut b\u00f6cker av J\u00f6rgen Hassler. Men m\u00e4rk v\u00e4l: det handlar inte om egenutgivning \u2013 visserligen \u00e4r Hassler b\u00e5de f\u00f6rfattare och f\u00f6rl\u00e4ggare, men varje text passerar den traditionella f\u00f6rlagsprocessen innan den blir en bok; den vandrar allts\u00e5 fr\u00e5n lekt\u00f6r via redakt\u00f6r till korrekturl\u00e4sare. Det inneb\u00e4r att Hassler b\u00e5de m\u00e5ste l\u00e4gga ut pengar och g\u00f6ra en massa extra jobb, men han vill ha det s\u00e5 eftersom han har varit publicist i m\u00e5nga roller, och d\u00e4rf\u00f6r vet hur mycket b\u00e4ttre texten blir n\u00e4r den har hanterats av flera par h\u00e4nder.<\/p>\n\n\n\n<p>Det den inte passerar \u2013 till skillnad fr\u00e5n p\u00e5 andra f\u00f6rlag \u2013 \u00e4r en ekonomiavdelning. Och tur \u00e4r v\u00e4l det, eftersom b\u00f6ckernas upplagor \u00e4r s\u00e5 sm\u00e5 att det inte ens \u00e4r teoretiskt m\u00f6jligt att tj\u00e4na n\u00e5gra pengar p\u00e5 titlarna \u2013 det aff\u00e4rsm\u00e4ssiga m\u00e5let \u00e4r att varje utgivning ska b\u00e4ra sina egna kostnader, och det g\u00f6r de i alla fall p\u00e5 ett ungef\u00e4r.<\/p>\n\n\n\n<p>Hassler har f\u00f6rresten inte bara varit publicist, han har pysslat med det mesta i textv\u00e4g: fr\u00e5n att vara reporter, lekt\u00f6r och redakt\u00f6r, \u00f6ver att m\u00e5la graffiti och formge trycksaker till att programmera webb-applikationer.<\/p>\n\n\n\n<p>Numera koncentrerar han sig p\u00e5 att skriva romaner och dikter, men kryddar ibland livet med n\u00e5gon enstaka kr\u00f6nika, en eller annan kulturartikel, lite spoken-word eller i v\u00e4rsta fall en lite f\u00f6r l\u00e5ng stand up som ingen har bett om.<\/p>\n\n\n\n<p>Ut\u00f6ver skrivandet s\u00e5 kan det vara bra att ha i \u00e5tanke att han en s\u00e4rbeg\u00e5vad adhd-person. Om man fr\u00e5gar honom \u201dhar du jobbat med det d\u00e4r, eller?\u201d s\u00e5 \u00e4r svaret allts\u00e5 oftast \u201dja\u201d. I undantagsfall kan svaret vara \u201dnej\u201d, fast d\u00e5 sannolikt med till\u00e4gget \u201dmen jag har l\u00e4st p\u00e5\u201d.<\/p>\n\n\n\n<p>Mest v\u00e4rt att notera bland allt som h\u00e4nt d\u00e5 han snubblat runt i tillvaron \u00e4r v\u00e4l att han fick med sig en MSc i medicinsk vetenskap fr\u00e5n n\u00e5got slags tillst\u00e4llning p\u00e5 Karolinska Institutet, att han spenderade ungef\u00e4r tio l\u00e4rorika \u00e5r p\u00e5 v\u00e5rdgolvet, och att han med en d\u00e5res envishet mot b\u00e4ttre vetande g\u00e5ng p\u00e5 g\u00e5ng har f\u00e5tt f\u00f6r sig att han skulle kunna tillf\u00f6ra n\u00e5got till verksamheter inom servicesektorn; inte s\u00e4lla som bringare av oreda och tillredare av diverse aptitliga anredningar i restaurangverkasamet med svag till obefintlig ledning.<\/p>\n\n\n\n<p>Skick in manus? Nej tack, Hassler har tillr\u00e4ckligt med problem redan, han beh\u00f6ver inte ta \u00f6ver andras.<\/p>\n","protected":false},"excerpt":{"rendered":"<p>INDiY \u00e4r ett f\u00f6rlag som bara ger ut b\u00f6cker av J\u00f6rgen Hassler. Men m\u00e4rk v\u00e4l: det handlar inte om egenutgivning \u2013 visserligen \u00e4r Hassler b\u00e5de f\u00f6rfattare och f\u00f6rl\u00e4ggare, men varje text passerar den traditionella f\u00f6rlagsprocessen innan den blir en bok; den vandrar allts\u00e5 fr\u00e5n lekt\u00f6r via redakt\u00f6r till korrekturl\u00e4sare. Det inneb\u00e4r att Hassler b\u00e5de m\u00e5ste&#8230;<\/p>\n","protected":false},"author":1,"featured_media":0,"parent":0,"menu_order":0,"comment_status":"closed","ping_status":"closed","template":"","meta":{"footnotes":""},"class_list":["post-108","page","type-page","status-publish","hentry"],"_links":{"self":[{"href":"https:\/\/indiy.se\/index.php?rest_route=\/wp\/v2\/pages\/108","targetHints":{"allow":["GET"]}}],"collection":[{"href":"https:\/\/indiy.se\/index.php?rest_route=\/wp\/v2\/pages"}],"about":[{"href":"https:\/\/indiy.se\/index.php?rest_route=\/wp\/v2\/types\/page"}],"author":[{"embeddable":true,"href":"https:\/\/indiy.se\/index.php?rest_route=\/wp\/v2\/users\/1"}],"replies":[{"embeddable":true,"href":"https:\/\/indiy.se\/index.php?rest_route=%2Fwp%2Fv2%2Fcomments&post=108"}],"version-history":[{"count":1,"href":"https:\/\/indiy.se\/index.php?rest_route=\/wp\/v2\/pages\/108\/revisions"}],"predecessor-version":[{"id":109,"href":"https:\/\/indiy.se\/index.php?rest_route=\/wp\/v2\/pages\/108\/revisions\/109"}],"wp:attachment":[{"href":"https:\/\/indiy.se\/index.php?rest_route=%2Fwp%2Fv2%2Fmedia&parent=108"}],"curies":[{"name":"wp","href":"https:\/\/api.w.org\/{rel}","templated":true}]}}