{"id":2,"date":"2025-09-06T15:51:00","date_gmt":"2025-09-06T13:51:00","guid":{"rendered":"https:\/\/indiy.se\/?page_id=2"},"modified":"2025-10-01T10:16:35","modified_gmt":"2025-10-01T08:16:35","slug":"publicerat","status":"publish","type":"page","link":"https:\/\/indiy.se\/?page_id=2","title":{"rendered":"Publicerat"},"content":{"rendered":"\n<h2 class=\"wp-block-heading\">B\u00f6cker<\/h2>\n\n\n\n<p><strong>Vera Veronica<\/strong> 2025<\/p>\n\n\n\n<p><strong>En konstig liten bok om COVID-19<\/strong> (andra omarbetade upplagan) 2025<\/p>\n\n\n\n<p><strong>Tj\u00e4nstemannen<\/strong> 2024<\/p>\n\n\n\n<p><strong>Osl\u00e4ngt<\/strong> 2023<\/p>\n\n\n\n<p><strong>F\u00f6rh\u00f6rsrummet<\/strong> 2023 (Lava)<\/p>\n\n\n\n<p><strong>En konstig liten bok om COVID-19 <\/strong>2022 (Books on demand)<\/p>\n\n\n\n<h2 class=\"wp-block-heading\">Antologier<\/h2>\n\n\n\n<p><strong>Vintersolst\u00e5ndsvaka<\/strong> i Jul igen (Nohiding 2023)<\/p>\n\n\n\n<p><strong>V\u00e5rdbitr\u00e4desh\u00e4nder I och V\u00e5rdbitr\u00e4desh\u00e4nder II <\/strong>i Jag \u00e4lskar mitt yrke men\u2026 (LO 2014)<\/p>\n\n\n\n<p><strong>M\u00e5la <\/strong>i Polska r\u00e4kmackor (Ord &amp; Visor 2003)<\/p>\n\n\n\n<h2 class=\"wp-block-heading\">Tidskrifter<\/h2>\n\n\n\n<p><strong>ljud:oljud <\/strong>i Trakten 2023<\/p>\n\n\n\n<p><strong>T\u00f6rst: Gaza-reservatet anno domini 2124<\/strong> i <a href=\"https:\/\/www.opulens.se\/prosa-poesi\/littestraden-novell-av-jorgen-hassler\/\">Opulens<\/a> 2024<\/p>\n\n\n\n<p><strong>Isfl\u00e4ck<\/strong> i Brev fr\u00e5n Kosmos 2025<\/p>\n","protected":false},"excerpt":{"rendered":"<p>B\u00f6cker Vera Veronica 2025 En konstig liten bok om COVID-19 (andra omarbetade upplagan) 2025 Tj\u00e4nstemannen 2024 Osl\u00e4ngt 2023 F\u00f6rh\u00f6rsrummet 2023 (Lava) En konstig liten bok om COVID-19 2022 (Books on demand) Antologier Vintersolst\u00e5ndsvaka i Jul igen (Nohiding 2023) V\u00e5rdbitr\u00e4desh\u00e4nder I och V\u00e5rdbitr\u00e4desh\u00e4nder II i Jag \u00e4lskar mitt yrke men\u2026 (LO 2014) M\u00e5la i Polska r\u00e4kmackor&#8230;<\/p>\n","protected":false},"author":1,"featured_media":0,"parent":0,"menu_order":0,"comment_status":"closed","ping_status":"closed","template":"","meta":{"footnotes":""},"class_list":["post-2","page","type-page","status-publish","hentry"],"_links":{"self":[{"href":"https:\/\/indiy.se\/index.php?rest_route=\/wp\/v2\/pages\/2","targetHints":{"allow":["GET"]}}],"collection":[{"href":"https:\/\/indiy.se\/index.php?rest_route=\/wp\/v2\/pages"}],"about":[{"href":"https:\/\/indiy.se\/index.php?rest_route=\/wp\/v2\/types\/page"}],"author":[{"embeddable":true,"href":"https:\/\/indiy.se\/index.php?rest_route=\/wp\/v2\/users\/1"}],"replies":[{"embeddable":true,"href":"https:\/\/indiy.se\/index.php?rest_route=%2Fwp%2Fv2%2Fcomments&post=2"}],"version-history":[{"count":6,"href":"https:\/\/indiy.se\/index.php?rest_route=\/wp\/v2\/pages\/2\/revisions"}],"predecessor-version":[{"id":105,"href":"https:\/\/indiy.se\/index.php?rest_route=\/wp\/v2\/pages\/2\/revisions\/105"}],"wp:attachment":[{"href":"https:\/\/indiy.se\/index.php?rest_route=%2Fwp%2Fv2%2Fmedia&parent=2"}],"curies":[{"name":"wp","href":"https:\/\/api.w.org\/{rel}","templated":true}]}}